{"id":187,"date":"2022-04-08T16:28:29","date_gmt":"2022-04-08T14:28:29","guid":{"rendered":"https:\/\/www.litografivesuviani.com\/main\/?page_id=187"},"modified":"2022-04-28T17:13:29","modified_gmt":"2022-04-28T15:13:29","slug":"blog","status":"publish","type":"page","link":"https:\/\/www.litografivesuviani.com\/main\/blog\/","title":{"rendered":"BLOG"},"content":{"rendered":"\t\t<div data-elementor-type=\"wp-page\" data-elementor-id=\"187\" class=\"elementor elementor-187\">\n\t\t\t\t\t\t<section class=\"elementor-section elementor-top-section elementor-element elementor-element-6ef4f7d40 elementor-section-boxed elementor-section-height-default elementor-section-height-default wpr-particle-no wpr-jarallax-no wpr-parallax-no wpr-sticky-section-no wpr-equal-height-no\" data-id=\"6ef4f7d40\" data-element_type=\"section\" data-e-type=\"section\">\n\t\t\t\t\t\t<div class=\"elementor-container elementor-column-gap-default\">\n\t\t\t\t\t<div class=\"elementor-column elementor-col-100 elementor-top-column elementor-element elementor-element-60b6cef9\" data-id=\"60b6cef9\" data-element_type=\"column\" data-e-type=\"column\">\n\t\t\t<div class=\"elementor-widget-wrap elementor-element-populated\">\n\t\t\t\t\t\t<div class=\"elementor-element elementor-element-38dd0fe wpr-grid-columns-1 wpr-grid-columns--tablet1 wpr-grid-columns--mobile1 wpr-grid-pagination-center wpr-item-styles-inner elementor-widget elementor-widget-wpr-grid\" data-id=\"38dd0fe\" data-element_type=\"widget\" data-e-type=\"widget\" data-widget_type=\"wpr-grid.default\">\n\t\t\t\t<div class=\"elementor-widget-container\">\n\t\t\t\t\t<ul class=\"wpr-grid-filters elementor-clearfix wpr-grid-filters-sep-right\"><li class=\" wpr-pointer-none wpr-pointer-line-fx wpr-pointer-fx-none\"><span  data-filter=\"*\" class=\"wpr-grid-filters-item wpr-active-filter \">All<\/span><em class=\"wpr-grid-filters-sep\"><\/em><\/li><li class=\" wpr-pointer-none wpr-pointer-line-fx wpr-pointer-fx-none\"><span   data-ajax-filter=[\"category\",\"blog\"]  data-filter=\".category-blog\">blog<\/span><em class=\"wpr-grid-filters-sep\"><\/em><\/li><\/ul><section class=\"wpr-grid elementor-clearfix\" data-settings=\"{&quot;layout&quot;:&quot;list&quot;,&quot;stick_last_element_to_bottom&quot;:&quot;no&quot;,&quot;columns_desktop&quot;:1,&quot;gutter_hr&quot;:15,&quot;gutter_hr_mobile&quot;:15,&quot;gutter_hr_mobile_extra&quot;:15,&quot;gutter_hr_tablet&quot;:15,&quot;gutter_hr_tablet_extra&quot;:15,&quot;gutter_hr_laptop&quot;:15,&quot;gutter_hr_widescreen&quot;:15,&quot;gutter_vr&quot;:50,&quot;gutter_vr_mobile&quot;:50,&quot;gutter_vr_mobile_extra&quot;:50,&quot;gutter_vr_tablet&quot;:50,&quot;gutter_vr_tablet_extra&quot;:50,&quot;gutter_vr_laptop&quot;:50,&quot;gutter_vr_widescreen&quot;:50,&quot;animation&quot;:&quot;default&quot;,&quot;animation_duration&quot;:0.3,&quot;animation_delay&quot;:0.1,&quot;deeplinking&quot;:&quot;&quot;,&quot;filters_linkable&quot;:&quot;no&quot;,&quot;filters_default_filter&quot;:&quot;&quot;,&quot;filters_count&quot;:&quot;&quot;,&quot;filters_hide_empty&quot;:&quot;yes&quot;,&quot;filters_animation&quot;:&quot;default&quot;,&quot;filters_animation_duration&quot;:0.3,&quot;filters_animation_delay&quot;:0.1,&quot;pagination_type&quot;:&quot;numbered&quot;,&quot;pagination_max_pages&quot;:17,&quot;media_align&quot;:&quot;left&quot;,&quot;media_width&quot;:25,&quot;media_distance&quot;:20,&quot;lightbox&quot;:{&quot;selector&quot;:&quot;.wpr-grid-image-wrap&quot;,&quot;iframeMaxWidth&quot;:&quot;60%&quot;,&quot;hash&quot;:false,&quot;autoplay&quot;:&quot;true&quot;,&quot;pause&quot;:5000,&quot;progressBar&quot;:&quot;true&quot;,&quot;counter&quot;:&quot;true&quot;,&quot;controls&quot;:&quot;true&quot;,&quot;getCaptionFromTitleOrAlt&quot;:&quot;true&quot;,&quot;thumbnail&quot;:&quot;&quot;,&quot;showThumbByDefault&quot;:&quot;&quot;,&quot;share&quot;:&quot;&quot;,&quot;zoom&quot;:&quot;true&quot;,&quot;fullScreen&quot;:&quot;true&quot;,&quot;download&quot;:&quot;true&quot;}}\" data-advanced-filters=\"no\"><article class=\"wpr-grid-item elementor-clearfix post-2959 post type-post status-publish format-standard hentry category-blog\"><div class=\"wpr-grid-item-inner\"><div class=\"wpr-grid-item-below-content elementor-clearfix\"><h2 class=\"wpr-grid-item-title elementor-repeater-item-2d29edf wpr-grid-item-display-block wpr-grid-item-align-left wpr-pointer-none wpr-pointer-line-fx wpr-pointer-fx-fade\"><div class=\"inner-block\"><a target=\"_self\"  href=\"https:\/\/www.litografivesuviani.com\/main\/2024\/10\/25\/2959\/\"><\/a><\/div><\/h2><div class=\"wpr-grid-item-date elementor-repeater-item-589fcd9 wpr-grid-item-display-block wpr-grid-item-align-left\"><div class=\"inner-block\"><span>25 Ottobre 2024<\/span><\/div><\/div><div class=\"wpr-grid-item-excerpt elementor-repeater-item-0025724 wpr-grid-item-display-block wpr-grid-item-align-left\"><div class=\"inner-block\"><p>L&#8217;incontro tra aziende e imprese sociali crea Sviluppo e Economia Civile. Abbiamo avuto il piacere di ospitare gli imprenditori che sostengono la Cooperativa Sociale Litografi Vesuviani Servizi Salute e lavoro . Grazie a Enza e Enzo Petrone di P.Petroli per la loro sensibilit\u00e0 e il loro tatto. Ringraziamo Vincenzo Esposito di Kyla Caff\u00e8 per la sua generosit\u00e0. Grazie infinite a Nicola Vinciguerra con la moglie Rossella di Nicola...<\/p><\/div><\/div><div class=\"wpr-grid-item-read-more elementor-repeater-item-716d6c5 wpr-grid-item-display-block wpr-grid-item-align-left\"><div class=\"inner-block\"><a target=\"_self\" href=\"https:\/\/www.litografivesuviani.com\/main\/2024\/10\/25\/2959\/\" class=\"wpr-button-effect wpr-button-none\"><span>Leggi<\/span><\/a><\/div><\/div><\/div><\/div><\/article><article class=\"wpr-grid-item elementor-clearfix post-2925 post type-post status-publish format-standard hentry category-blog category-eventi category-news\"><div class=\"wpr-grid-item-inner\"><div class=\"wpr-grid-item-below-content elementor-clearfix\"><h2 class=\"wpr-grid-item-title elementor-repeater-item-2d29edf wpr-grid-item-display-block wpr-grid-item-align-left wpr-pointer-none wpr-pointer-line-fx wpr-pointer-fx-fade\"><div class=\"inner-block\"><a target=\"_self\"  href=\"https:\/\/www.litografivesuviani.com\/main\/2024\/10\/25\/sal-da-vinci-in-cooperativa\/\">Sal Da Vinci in Cooperativa!<\/a><\/div><\/h2><div class=\"wpr-grid-item-date elementor-repeater-item-589fcd9 wpr-grid-item-display-block wpr-grid-item-align-left\"><div class=\"inner-block\"><span>25 Ottobre 2024<\/span><\/div><\/div><div class=\"wpr-grid-item-excerpt elementor-repeater-item-0025724 wpr-grid-item-display-block wpr-grid-item-align-left\"><div class=\"inner-block\"><p>\u00c8 stato un vero piacere e un grande privilegio ospitare presso la nostra cooperativa Sal Da Vinci Questo incontro ha rappresentato un momento di gioia e di emozioni condivise. Ringraziamo di cuore Sal Da Vinci per aver trasformato una giornata di lavoro in un momento di pura leggerezza. Un artista che mette sempre il cuore in ci\u00f2 che fa, e ci mette anche la faccia. .<\/p><\/div><\/div><div class=\"wpr-grid-item-read-more elementor-repeater-item-716d6c5 wpr-grid-item-display-block wpr-grid-item-align-left\"><div class=\"inner-block\"><a target=\"_self\" href=\"https:\/\/www.litografivesuviani.com\/main\/2024\/10\/25\/sal-da-vinci-in-cooperativa\/\" class=\"wpr-button-effect wpr-button-none\"><span>Leggi<\/span><\/a><\/div><\/div><\/div><\/div><\/article><article class=\"wpr-grid-item elementor-clearfix post-2873 post type-post status-publish format-standard hentry category-blog category-news\"><div class=\"wpr-grid-item-inner\"><div class=\"wpr-grid-item-below-content elementor-clearfix\"><h2 class=\"wpr-grid-item-title elementor-repeater-item-2d29edf wpr-grid-item-display-block wpr-grid-item-align-left wpr-pointer-none wpr-pointer-line-fx wpr-pointer-fx-fade\"><div class=\"inner-block\"><a target=\"_self\"  href=\"https:\/\/www.litografivesuviani.com\/main\/2024\/04\/30\/canale-8-mattina-live-il-grande-cuore-di-capri\/\">Canale 8 &#8211; Mattina Live &#8211; Il Grande Cuore di Capri<\/a><\/div><\/h2><div class=\"wpr-grid-item-date elementor-repeater-item-589fcd9 wpr-grid-item-display-block wpr-grid-item-align-left\"><div class=\"inner-block\"><span>30 Aprile 2024<\/span><\/div><\/div><div class=\"wpr-grid-item-read-more elementor-repeater-item-716d6c5 wpr-grid-item-display-block wpr-grid-item-align-left\"><div class=\"inner-block\"><a target=\"_self\" href=\"https:\/\/www.litografivesuviani.com\/main\/2024\/04\/30\/canale-8-mattina-live-il-grande-cuore-di-capri\/\" class=\"wpr-button-effect wpr-button-none\"><span>Leggi<\/span><\/a><\/div><\/div><\/div><\/div><\/article><\/section><div class=\"wpr-grid-pagination elementor-clearfix wpr-grid-pagination-numbered\" data-pages=\"17\"><div class=\"wpr-grid-pagi-left-arrows\"><span class=\"wpr-prev-page wpr-disabled-arrow\"><i class=\"fas fa-angle-double-left\"><\/i><span>Prev<\/span><\/span><\/div><span class=\"wpr-grid-current-page\">1<\/span><a href=\"https:\/\/www.litografivesuviani.com\/main\/wp-json\/wp\/v2\/pages\/187\/page\/2\/\">2<\/a><a href=\"https:\/\/www.litografivesuviani.com\/main\/wp-json\/wp\/v2\/pages\/187\/page\/3\/\">3<\/a><div class=\"wpr-grid-pagi-right-arrows\"><a href=\"https:\/\/www.litografivesuviani.com\/main\/wp-json\/wp\/v2\/pages\/187\/page\/2\/\" class=\"wpr-next-page\"><span>Next<\/span><i class=\"fas fa-angle-double-right\"><\/i><\/a><\/div><\/div>\t\t\t\t<\/div>\n\t\t\t\t<\/div>\n\t\t\t\t\t<\/div>\n\t\t<\/div>\n\t\t\t\t\t<\/div>\n\t\t<\/section>\n\t\t\t\t<\/div>\n\t\t","protected":false},"excerpt":{"rendered":"<p>All blog La Salute Mentale ai tempi del Covid19 28 Aprile 2022 La Salute Mentale ai tempi del Covid19 L\u2019impatto\u00a0dell\u2019emergenza COVID-19\u00a0sulle persone in carico presso i servizi per la salute mentale e sulle loro famiglie, rappresenta per la nostra Cooperativa e la nostra equipe multidisciplinare, motivo di attenzione, per poter garantire, nella massima sicurezza possibile, la continuit\u00e0 delle cure e delle attivit\u00e0 riabilitative, delineando una serie di [&hellip;] Leggi Il Regalo Solidale \u2013 Natale con i Litografi Vesuviani 28 Aprile 2022 Il Regalo Solidale \u2013 Natale con i Litografi Vesuviani La cooperativa\u00a0Litografi Vesuviani\u00a0nasce nel maggio del 2000 a conclusione di un progetto europeo, misura \u201cHorizon\u201d, specifico per la valorizzazione delle risorse umane. Il progetto europeo ha dato la possibilit\u00e0 a giovani utenti del Dipartimento di Salute Mentale, di formarsi come grafici pubblicitari. Con il sostegno del [&hellip;] Leggi Lavoro in Corsi: una start-up sociale dedicata al \u201cgreen\u201d \u2013 Orti Sociali e Riabilitazione 28 Aprile 2022 Lavoro in Corsi: una start-up sociale dedicata al \u201cgreen\u201d \u2013 Orti Sociali e Riabilitazione Lavoro in Corsi \u00e8 una Cooperativa Sociale di tipo misto (A+B), che si pu\u00f2 definire come un esempio concreto di \u201cspin-off sociale\u201d.Infatti Litografi Vesuviani, storica cooperativa sociale gi\u00e0 esistente sul territorio vesuviano, inserita nell\u2019ambito della\u00a0salute mentale, ha avviato una start-up sociale [&hellip;] Leggi Prev123Next<\/p>\n","protected":false},"author":1,"featured_media":0,"parent":0,"menu_order":0,"comment_status":"closed","ping_status":"closed","template":"elementor_header_footer","meta":{"give_campaign_id":0,"pgc_sgb_lightbox_settings":"","footnotes":""},"class_list":["post-187","page","type-page","status-publish","hentry"],"yoast_head":"<!-- This site is optimized with the Yoast SEO plugin v27.5 - https:\/\/yoast.com\/product\/yoast-seo-wordpress\/ -->\r\n<title>BLOG - Litografi Vesuviani<\/title>\r\n<meta name=\"robots\" content=\"index, follow, max-snippet:-1, max-image-preview:large, max-video-preview:-1\" \/>\r\n<link rel=\"canonical\" href=\"https:\/\/www.litografivesuviani.com\/main\/blog\/\" \/>\r\n<meta property=\"og:locale\" content=\"it_IT\" \/>\r\n<meta property=\"og:type\" content=\"article\" \/>\r\n<meta property=\"og:title\" content=\"BLOG - Litografi Vesuviani\" \/>\r\n<meta property=\"og:description\" content=\"All blog La Salute Mentale ai tempi del Covid19 28 Aprile 2022 La Salute Mentale ai tempi del Covid19 L\u2019impatto\u00a0dell\u2019emergenza COVID-19\u00a0sulle persone in carico presso i servizi per la salute mentale e sulle loro famiglie, rappresenta per la nostra Cooperativa e la nostra equipe multidisciplinare, motivo di attenzione, per poter garantire, nella massima sicurezza possibile, la continuit\u00e0 delle cure e delle attivit\u00e0 riabilitative, delineando una serie di [&hellip;] Leggi Il Regalo Solidale \u2013 Natale con i Litografi Vesuviani 28 Aprile 2022 Il Regalo Solidale \u2013 Natale con i Litografi Vesuviani La cooperativa\u00a0Litografi Vesuviani\u00a0nasce nel maggio del 2000 a conclusione di un progetto europeo, misura \u201cHorizon\u201d, specifico per la valorizzazione delle risorse umane. Il progetto europeo ha dato la possibilit\u00e0 a giovani utenti del Dipartimento di Salute Mentale, di formarsi come grafici pubblicitari. Con il sostegno del [&hellip;] Leggi Lavoro in Corsi: una start-up sociale dedicata al \u201cgreen\u201d \u2013 Orti Sociali e Riabilitazione 28 Aprile 2022 Lavoro in Corsi: una start-up sociale dedicata al \u201cgreen\u201d \u2013 Orti Sociali e Riabilitazione Lavoro in Corsi \u00e8 una Cooperativa Sociale di tipo misto (A+B), che si pu\u00f2 definire come un esempio concreto di \u201cspin-off sociale\u201d.Infatti Litografi Vesuviani, storica cooperativa sociale gi\u00e0 esistente sul territorio vesuviano, inserita nell\u2019ambito della\u00a0salute mentale, ha avviato una start-up sociale [&hellip;] Leggi Prev123Next\" \/>\r\n<meta property=\"og:url\" content=\"https:\/\/www.litografivesuviani.com\/main\/blog\/\" \/>\r\n<meta property=\"og:site_name\" content=\"Litografi Vesuviani\" \/>\r\n<meta property=\"article:publisher\" content=\"https:\/\/www.facebook.com\/Litografi.Vesuviani\" \/>\r\n<meta property=\"article:modified_time\" content=\"2022-04-28T15:13:29+00:00\" \/>\r\n<meta property=\"og:image\" content=\"https:\/\/www.litografivesuviani.com\/main\/wp-content\/uploads\/elementor\/thumbs\/covid-1280x500-1-po1a2wr1ecg6jfvykt3qdugd01cacj50ryrkkhiiew.jpg\" \/>\r\n<meta name=\"twitter:card\" content=\"summary_large_image\" \/>\r\n<meta name=\"twitter:site\" content=\"@litovesuviani\" \/>\r\n<meta name=\"twitter:label1\" content=\"Tempo di lettura stimato\" \/>\n\t<meta name=\"twitter:data1\" content=\"1 minuto\" \/>\r\n<script type=\"application\/ld+json\" class=\"yoast-schema-graph\">{\"@context\":\"https:\\\/\\\/schema.org\",\"@graph\":[{\"@type\":\"WebPage\",\"@id\":\"https:\\\/\\\/www.litografivesuviani.com\\\/main\\\/blog\\\/\",\"url\":\"https:\\\/\\\/www.litografivesuviani.com\\\/main\\\/blog\\\/\",\"name\":\"BLOG - Litografi Vesuviani\",\"isPartOf\":{\"@id\":\"https:\\\/\\\/www.litografivesuviani.com\\\/main\\\/#website\"},\"primaryImageOfPage\":{\"@id\":\"https:\\\/\\\/www.litografivesuviani.com\\\/main\\\/blog\\\/#primaryimage\"},\"image\":{\"@id\":\"https:\\\/\\\/www.litografivesuviani.com\\\/main\\\/blog\\\/#primaryimage\"},\"thumbnailUrl\":\"https:\\\/\\\/www.litografivesuviani.com\\\/main\\\/wp-content\\\/uploads\\\/elementor\\\/thumbs\\\/covid-1280x500-1-po1a2wr1ecg6jfvykt3qdugd01cacj50ryrkkhiiew.jpg\",\"datePublished\":\"2022-04-08T14:28:29+00:00\",\"dateModified\":\"2022-04-28T15:13:29+00:00\",\"breadcrumb\":{\"@id\":\"https:\\\/\\\/www.litografivesuviani.com\\\/main\\\/blog\\\/#breadcrumb\"},\"inLanguage\":\"it-IT\",\"potentialAction\":[{\"@type\":\"ReadAction\",\"target\":[\"https:\\\/\\\/www.litografivesuviani.com\\\/main\\\/blog\\\/\"]}]},{\"@type\":\"ImageObject\",\"inLanguage\":\"it-IT\",\"@id\":\"https:\\\/\\\/www.litografivesuviani.com\\\/main\\\/blog\\\/#primaryimage\",\"url\":\"https:\\\/\\\/www.litografivesuviani.com\\\/main\\\/wp-content\\\/uploads\\\/elementor\\\/thumbs\\\/covid-1280x500-1-po1a2wr1ecg6jfvykt3qdugd01cacj50ryrkkhiiew.jpg\",\"contentUrl\":\"https:\\\/\\\/www.litografivesuviani.com\\\/main\\\/wp-content\\\/uploads\\\/elementor\\\/thumbs\\\/covid-1280x500-1-po1a2wr1ecg6jfvykt3qdugd01cacj50ryrkkhiiew.jpg\"},{\"@type\":\"BreadcrumbList\",\"@id\":\"https:\\\/\\\/www.litografivesuviani.com\\\/main\\\/blog\\\/#breadcrumb\",\"itemListElement\":[{\"@type\":\"ListItem\",\"position\":1,\"name\":\"Home\",\"item\":\"https:\\\/\\\/www.litografivesuviani.com\\\/main\\\/\"},{\"@type\":\"ListItem\",\"position\":2,\"name\":\"BLOG\"}]},{\"@type\":\"WebSite\",\"@id\":\"https:\\\/\\\/www.litografivesuviani.com\\\/main\\\/#website\",\"url\":\"https:\\\/\\\/www.litografivesuviani.com\\\/main\\\/\",\"name\":\"Litografi Vesuviani\",\"description\":\"\",\"publisher\":{\"@id\":\"https:\\\/\\\/www.litografivesuviani.com\\\/main\\\/#organization\"},\"potentialAction\":[{\"@type\":\"SearchAction\",\"target\":{\"@type\":\"EntryPoint\",\"urlTemplate\":\"https:\\\/\\\/www.litografivesuviani.com\\\/main\\\/?s={search_term_string}\"},\"query-input\":{\"@type\":\"PropertyValueSpecification\",\"valueRequired\":true,\"valueName\":\"search_term_string\"}}],\"inLanguage\":\"it-IT\"},{\"@type\":\"Organization\",\"@id\":\"https:\\\/\\\/www.litografivesuviani.com\\\/main\\\/#organization\",\"name\":\"Litografi Vesuviani - Servizi Salute e Lavoro - Soc. Coop. Soc. a r.l.\",\"url\":\"https:\\\/\\\/www.litografivesuviani.com\\\/main\\\/\",\"logo\":{\"@type\":\"ImageObject\",\"inLanguage\":\"it-IT\",\"@id\":\"https:\\\/\\\/www.litografivesuviani.com\\\/main\\\/#\\\/schema\\\/logo\\\/image\\\/\",\"url\":\"https:\\\/\\\/www.litografivesuviani.com\\\/main\\\/wp-content\\\/uploads\\\/2022\\\/04\\\/cropped-logo_quadrato.png\",\"contentUrl\":\"https:\\\/\\\/www.litografivesuviani.com\\\/main\\\/wp-content\\\/uploads\\\/2022\\\/04\\\/cropped-logo_quadrato.png\",\"width\":512,\"height\":512,\"caption\":\"Litografi Vesuviani - Servizi Salute e Lavoro - Soc. Coop. Soc. a r.l.\"},\"image\":{\"@id\":\"https:\\\/\\\/www.litografivesuviani.com\\\/main\\\/#\\\/schema\\\/logo\\\/image\\\/\"},\"sameAs\":[\"https:\\\/\\\/www.facebook.com\\\/Litografi.Vesuviani\",\"https:\\\/\\\/x.com\\\/litovesuviani\",\"https:\\\/\\\/www.instagram.com\\\/litografivesuviani\",\"https:\\\/\\\/www.youtube.com\\\/channel\\\/UCjA6m1P7docgpva_Mn2OXBQ\",\"https:\\\/\\\/it.linkedin.com\\\/company\\\/litografi-vesuviani-cooperativa-sociale\"]}]}<\/script>\r\n<!-- \/ Yoast SEO plugin. -->","yoast_head_json":{"title":"BLOG - Litografi Vesuviani","robots":{"index":"index","follow":"follow","max-snippet":"max-snippet:-1","max-image-preview":"max-image-preview:large","max-video-preview":"max-video-preview:-1"},"canonical":"https:\/\/www.litografivesuviani.com\/main\/blog\/","og_locale":"it_IT","og_type":"article","og_title":"BLOG - Litografi Vesuviani","og_description":"All blog La Salute Mentale ai tempi del Covid19 28 Aprile 2022 La Salute Mentale ai tempi del Covid19 L\u2019impatto\u00a0dell\u2019emergenza COVID-19\u00a0sulle persone in carico presso i servizi per la salute mentale e sulle loro famiglie, rappresenta per la nostra Cooperativa e la nostra equipe multidisciplinare, motivo di attenzione, per poter garantire, nella massima sicurezza possibile, la continuit\u00e0 delle cure e delle attivit\u00e0 riabilitative, delineando una serie di [&hellip;] Leggi Il Regalo Solidale \u2013 Natale con i Litografi Vesuviani 28 Aprile 2022 Il Regalo Solidale \u2013 Natale con i Litografi Vesuviani La cooperativa\u00a0Litografi Vesuviani\u00a0nasce nel maggio del 2000 a conclusione di un progetto europeo, misura \u201cHorizon\u201d, specifico per la valorizzazione delle risorse umane. Il progetto europeo ha dato la possibilit\u00e0 a giovani utenti del Dipartimento di Salute Mentale, di formarsi come grafici pubblicitari. Con il sostegno del [&hellip;] Leggi Lavoro in Corsi: una start-up sociale dedicata al \u201cgreen\u201d \u2013 Orti Sociali e Riabilitazione 28 Aprile 2022 Lavoro in Corsi: una start-up sociale dedicata al \u201cgreen\u201d \u2013 Orti Sociali e Riabilitazione Lavoro in Corsi \u00e8 una Cooperativa Sociale di tipo misto (A+B), che si pu\u00f2 definire come un esempio concreto di \u201cspin-off sociale\u201d.Infatti Litografi Vesuviani, storica cooperativa sociale gi\u00e0 esistente sul territorio vesuviano, inserita nell\u2019ambito della\u00a0salute mentale, ha avviato una start-up sociale [&hellip;] Leggi Prev123Next","og_url":"https:\/\/www.litografivesuviani.com\/main\/blog\/","og_site_name":"Litografi Vesuviani","article_publisher":"https:\/\/www.facebook.com\/Litografi.Vesuviani","article_modified_time":"2022-04-28T15:13:29+00:00","og_image":[{"url":"https:\/\/www.litografivesuviani.com\/main\/wp-content\/uploads\/elementor\/thumbs\/covid-1280x500-1-po1a2wr1ecg6jfvykt3qdugd01cacj50ryrkkhiiew.jpg","type":"","width":"","height":""}],"twitter_card":"summary_large_image","twitter_site":"@litovesuviani","twitter_misc":{"Tempo di lettura stimato":"1 minuto"},"schema":{"@context":"https:\/\/schema.org","@graph":[{"@type":"WebPage","@id":"https:\/\/www.litografivesuviani.com\/main\/blog\/","url":"https:\/\/www.litografivesuviani.com\/main\/blog\/","name":"BLOG - Litografi Vesuviani","isPartOf":{"@id":"https:\/\/www.litografivesuviani.com\/main\/#website"},"primaryImageOfPage":{"@id":"https:\/\/www.litografivesuviani.com\/main\/blog\/#primaryimage"},"image":{"@id":"https:\/\/www.litografivesuviani.com\/main\/blog\/#primaryimage"},"thumbnailUrl":"https:\/\/www.litografivesuviani.com\/main\/wp-content\/uploads\/elementor\/thumbs\/covid-1280x500-1-po1a2wr1ecg6jfvykt3qdugd01cacj50ryrkkhiiew.jpg","datePublished":"2022-04-08T14:28:29+00:00","dateModified":"2022-04-28T15:13:29+00:00","breadcrumb":{"@id":"https:\/\/www.litografivesuviani.com\/main\/blog\/#breadcrumb"},"inLanguage":"it-IT","potentialAction":[{"@type":"ReadAction","target":["https:\/\/www.litografivesuviani.com\/main\/blog\/"]}]},{"@type":"ImageObject","inLanguage":"it-IT","@id":"https:\/\/www.litografivesuviani.com\/main\/blog\/#primaryimage","url":"https:\/\/www.litografivesuviani.com\/main\/wp-content\/uploads\/elementor\/thumbs\/covid-1280x500-1-po1a2wr1ecg6jfvykt3qdugd01cacj50ryrkkhiiew.jpg","contentUrl":"https:\/\/www.litografivesuviani.com\/main\/wp-content\/uploads\/elementor\/thumbs\/covid-1280x500-1-po1a2wr1ecg6jfvykt3qdugd01cacj50ryrkkhiiew.jpg"},{"@type":"BreadcrumbList","@id":"https:\/\/www.litografivesuviani.com\/main\/blog\/#breadcrumb","itemListElement":[{"@type":"ListItem","position":1,"name":"Home","item":"https:\/\/www.litografivesuviani.com\/main\/"},{"@type":"ListItem","position":2,"name":"BLOG"}]},{"@type":"WebSite","@id":"https:\/\/www.litografivesuviani.com\/main\/#website","url":"https:\/\/www.litografivesuviani.com\/main\/","name":"Litografi Vesuviani","description":"","publisher":{"@id":"https:\/\/www.litografivesuviani.com\/main\/#organization"},"potentialAction":[{"@type":"SearchAction","target":{"@type":"EntryPoint","urlTemplate":"https:\/\/www.litografivesuviani.com\/main\/?s={search_term_string}"},"query-input":{"@type":"PropertyValueSpecification","valueRequired":true,"valueName":"search_term_string"}}],"inLanguage":"it-IT"},{"@type":"Organization","@id":"https:\/\/www.litografivesuviani.com\/main\/#organization","name":"Litografi Vesuviani - Servizi Salute e Lavoro - Soc. Coop. Soc. a r.l.","url":"https:\/\/www.litografivesuviani.com\/main\/","logo":{"@type":"ImageObject","inLanguage":"it-IT","@id":"https:\/\/www.litografivesuviani.com\/main\/#\/schema\/logo\/image\/","url":"https:\/\/www.litografivesuviani.com\/main\/wp-content\/uploads\/2022\/04\/cropped-logo_quadrato.png","contentUrl":"https:\/\/www.litografivesuviani.com\/main\/wp-content\/uploads\/2022\/04\/cropped-logo_quadrato.png","width":512,"height":512,"caption":"Litografi Vesuviani - Servizi Salute e Lavoro - Soc. Coop. Soc. a r.l."},"image":{"@id":"https:\/\/www.litografivesuviani.com\/main\/#\/schema\/logo\/image\/"},"sameAs":["https:\/\/www.facebook.com\/Litografi.Vesuviani","https:\/\/x.com\/litovesuviani","https:\/\/www.instagram.com\/litografivesuviani","https:\/\/www.youtube.com\/channel\/UCjA6m1P7docgpva_Mn2OXBQ","https:\/\/it.linkedin.com\/company\/litografi-vesuviani-cooperativa-sociale"]}]}},"campaignId":"","_links":{"self":[{"href":"https:\/\/www.litografivesuviani.com\/main\/wp-json\/wp\/v2\/pages\/187","targetHints":{"allow":["GET"]}}],"collection":[{"href":"https:\/\/www.litografivesuviani.com\/main\/wp-json\/wp\/v2\/pages"}],"about":[{"href":"https:\/\/www.litografivesuviani.com\/main\/wp-json\/wp\/v2\/types\/page"}],"author":[{"embeddable":true,"href":"https:\/\/www.litografivesuviani.com\/main\/wp-json\/wp\/v2\/users\/1"}],"replies":[{"embeddable":true,"href":"https:\/\/www.litografivesuviani.com\/main\/wp-json\/wp\/v2\/comments?post=187"}],"version-history":[{"count":14,"href":"https:\/\/www.litografivesuviani.com\/main\/wp-json\/wp\/v2\/pages\/187\/revisions"}],"predecessor-version":[{"id":2617,"href":"https:\/\/www.litografivesuviani.com\/main\/wp-json\/wp\/v2\/pages\/187\/revisions\/2617"}],"wp:attachment":[{"href":"https:\/\/www.litografivesuviani.com\/main\/wp-json\/wp\/v2\/media?parent=187"}],"curies":[{"name":"wp","href":"https:\/\/api.w.org\/{rel}","templated":true}]}}