{"id":519,"date":"2022-04-20T10:22:07","date_gmt":"2022-04-20T08:22:07","guid":{"rendered":"https:\/\/www.litografivesuviani.com\/main\/?page_id=519"},"modified":"2026-04-14T17:21:12","modified_gmt":"2026-04-14T15:21:12","slug":"lavora-con-noi","status":"publish","type":"page","link":"https:\/\/www.litografivesuviani.com\/main\/lavora-con-noi\/","title":{"rendered":"LAVORA CON NOI"},"content":{"rendered":"\t\t<div data-elementor-type=\"wp-page\" data-elementor-id=\"519\" class=\"elementor elementor-519\">\n\t\t\t\t\t\t<section class=\"elementor-section elementor-top-section elementor-element elementor-element-6f9caf7 elementor-section-boxed elementor-section-height-default elementor-section-height-default wpr-particle-no wpr-jarallax-no wpr-parallax-no wpr-sticky-section-no wpr-column-slider-no wpr-equal-height-no\" data-id=\"6f9caf7\" data-element_type=\"section\" data-e-type=\"section\">\n\t\t\t\t\t\t<div class=\"elementor-container elementor-column-gap-default\">\n\t\t\t\t\t<div class=\"elementor-column elementor-col-50 elementor-top-column elementor-element elementor-element-68272e6\" data-id=\"68272e6\" data-element_type=\"column\" data-e-type=\"column\">\n\t\t\t<div class=\"elementor-widget-wrap elementor-element-populated\">\n\t\t\t\t\t\t<div class=\"elementor-element elementor-element-28e94fe elementor-widget elementor-widget-text-editor\" data-id=\"28e94fe\" data-element_type=\"widget\" data-e-type=\"widget\" data-widget_type=\"text-editor.default\">\n\t\t\t\t<div class=\"elementor-widget-container\">\n\t\t\t\t\t\t\t\t\t<p><strong>Ricerchiamo una figura di Logopedista da inserire nel nostro organico<\/strong><\/p><p>Inviare curriculum e presentazione tramite l&#8217;apposito modulo<\/p>\t\t\t\t\t\t\t\t<\/div>\n\t\t\t\t<\/div>\n\t\t\t\t<div class=\"elementor-element elementor-element-f79e1b4 elementor-widget-divider--view-line elementor-widget elementor-widget-divider\" data-id=\"f79e1b4\" data-element_type=\"widget\" data-e-type=\"widget\" data-widget_type=\"divider.default\">\n\t\t\t\t<div class=\"elementor-widget-container\">\n\t\t\t\t\t\t\t<div class=\"elementor-divider\">\n\t\t\t<span class=\"elementor-divider-separator\">\n\t\t\t\t\t\t<\/span>\n\t\t<\/div>\n\t\t\t\t\t\t<\/div>\n\t\t\t\t<\/div>\n\t\t\t\t<div class=\"elementor-element elementor-element-d5aeac5 elementor-hidden-desktop elementor-hidden-tablet elementor-hidden-mobile elementor-widget elementor-widget-text-editor\" data-id=\"d5aeac5\" data-element_type=\"widget\" data-e-type=\"widget\" data-widget_type=\"text-editor.default\">\n\t\t\t\t<div class=\"elementor-widget-container\">\n\t\t\t\t\t\t\t\t\t<p><strong>Litografi Vesuviani ricerca figure professionali di Tecnico della Riabilitazione Psichiatrica TDR e Animatori Sociali<\/strong><\/p>\n<p>Requisiti richiesti:<\/p>\n<p><em>&#8211; \u00c8 necessario essere in possesso di titolo di studio (Laurea triennale L\/SNT2 o magistrale). Si valutano anche candidature di neolaureati che non hanno maturato esperienza pregressa nella mansione.<\/em><\/p>\t\t\t\t\t\t\t\t<\/div>\n\t\t\t\t<\/div>\n\t\t\t\t<div class=\"elementor-element elementor-element-55dd7c2 elementor-widget-divider--view-line elementor-widget elementor-widget-divider\" data-id=\"55dd7c2\" data-element_type=\"widget\" data-e-type=\"widget\" data-widget_type=\"divider.default\">\n\t\t\t\t<div class=\"elementor-widget-container\">\n\t\t\t\t\t\t\t<div class=\"elementor-divider\">\n\t\t\t<span class=\"elementor-divider-separator\">\n\t\t\t\t\t\t<\/span>\n\t\t<\/div>\n\t\t\t\t\t\t<\/div>\n\t\t\t\t<\/div>\n\t\t\t\t<div class=\"elementor-element elementor-element-8e50776 elementor-widget__width-initial elementor-hidden-desktop elementor-hidden-tablet elementor-hidden-mobile elementor-widget elementor-widget-text-editor\" data-id=\"8e50776\" data-element_type=\"widget\" data-e-type=\"widget\" data-widget_type=\"text-editor.default\">\n\t\t\t\t<div class=\"elementor-widget-container\">\n\t\t\t\t\t\t\t\t\t<p><strong>Sono aperte le selezioni per n 1 posizione : Assistente Ufficio di Presidenza.\u00a0<\/strong><\/p><div><p><strong>Sono richieste candidature di profili professionali nel campo socio-sanitario: laurea in Sociologia, Scienze del Servizio Sociale, Tecnico della Riabilitazione Sociale, Scienze dell&#8217;Educazione, Scienze della Comunicazione e Formazione.<\/strong><\/p><div>Caratteristiche fondamentali: necessario essere in possesso di patente B e piena disponibilit\u00e0 di auto, ottima padronanza lingua italiana scritta e parlata, flessibilit\u00e0, ottima capacit\u00e0 relazionale.<\/div><div>Le selezioni ci saranno nelle prime settimane di luglio e dal 1 settembre al 15 settembre 2023<\/div><div>\u00a0<\/div><div>inviare candidatura a: <a href=\"mailto:coordinamento@litografivesuviani.com\" target=\"_blank\" rel=\"noopener\">coordinamento@<wbr \/>litografivesuviani.com<\/a><\/div><\/div>\t\t\t\t\t\t\t\t<\/div>\n\t\t\t\t<\/div>\n\t\t\t\t<div class=\"elementor-element elementor-element-eed3203 elementor-widget elementor-widget-text-editor\" data-id=\"eed3203\" data-element_type=\"widget\" data-e-type=\"widget\" data-widget_type=\"text-editor.default\">\n\t\t\t\t<div class=\"elementor-widget-container\">\n\t\t\t\t\t\t\t\t\t<div class=\"tds-title tds-title1 td-fix-index td_uid_5_6262b2f81fbf4\"><h1 class=\"tdm-title tdm-title-bg\">LAVORA CON NOI<\/h1><\/div><p class=\"tdm-descr\">Entra a far parte del nostro team!<\/p><p class=\"tdm-descr\">Inviaci il tuo curriculum vitae in formato <strong>pdf<\/strong><\/p>\t\t\t\t\t\t\t\t<\/div>\n\t\t\t\t<\/div>\n\t\t\t\t\t<\/div>\n\t\t<\/div>\n\t\t\t\t<div class=\"elementor-column elementor-col-50 elementor-top-column elementor-element elementor-element-9e640a4\" data-id=\"9e640a4\" data-element_type=\"column\" data-e-type=\"column\">\n\t\t\t<div class=\"elementor-widget-wrap elementor-element-populated\">\n\t\t\t\t\t\t<div class=\"elementor-element elementor-element-a4e19f6 eael-contact-form-7-button-align-left eael-contact-form-7-button-custom elementor-widget elementor-widget-eael-contact-form-7\" data-id=\"a4e19f6\" data-element_type=\"widget\" data-e-type=\"widget\" data-widget_type=\"eael-contact-form-7.default\">\n\t\t\t\t<div class=\"elementor-widget-container\">\n\t\t\t\t\t<div class=\"eael-contact-form-7-wrapper\">\n                <div class=\"eael-contact-form eael-contact-form-7 eael-contact-form-a4e19f6 placeholder-show eael-contact-form-align-default\">\n<div class=\"wpcf7 no-js\" id=\"wpcf7-f781-o1\" lang=\"it-IT\" dir=\"ltr\" data-wpcf7-id=\"781\">\n<div class=\"screen-reader-response\"><p role=\"status\" aria-live=\"polite\" aria-atomic=\"true\"><\/p> <ul><\/ul><\/div>\n<form action=\"\/main\/wp-json\/wp\/v2\/pages\/519#wpcf7-f781-o1\" method=\"post\" class=\"wpcf7-form init\" aria-label=\"Modulo di contatto\" enctype=\"multipart\/form-data\" novalidate=\"novalidate\" data-status=\"init\">\n<fieldset class=\"hidden-fields-container\"><input type=\"hidden\" name=\"_wpcf7\" value=\"781\" \/><input type=\"hidden\" name=\"_wpcf7_version\" value=\"6.1.5\" \/><input type=\"hidden\" name=\"_wpcf7_locale\" value=\"it_IT\" \/><input type=\"hidden\" name=\"_wpcf7_unit_tag\" value=\"wpcf7-f781-o1\" \/><input type=\"hidden\" name=\"_wpcf7_container_post\" value=\"0\" \/><input type=\"hidden\" name=\"_wpcf7_posted_data_hash\" value=\"\" \/>\n<\/fieldset>\n<p><label> Il tuo nome<br \/>\n<span class=\"wpcf7-form-control-wrap\" data-name=\"your-name\"><input size=\"40\" maxlength=\"400\" class=\"wpcf7-form-control wpcf7-text wpcf7-validates-as-required\" aria-required=\"true\" aria-invalid=\"false\" value=\"\" type=\"text\" name=\"your-name\" \/><\/span> <\/label>\n<\/p>\n<p><label> La tua email<br \/>\n<span class=\"wpcf7-form-control-wrap\" data-name=\"your-email\"><input size=\"40\" maxlength=\"400\" class=\"wpcf7-form-control wpcf7-email wpcf7-validates-as-required wpcf7-text wpcf7-validates-as-email\" aria-required=\"true\" aria-invalid=\"false\" value=\"\" type=\"email\" name=\"your-email\" \/><\/span> <\/label>\n<\/p>\n<p><label> Oggetto<br \/>\n<span class=\"wpcf7-form-control-wrap\" data-name=\"your-subject\"><input size=\"40\" maxlength=\"400\" class=\"wpcf7-form-control wpcf7-text wpcf7-validates-as-required\" aria-required=\"true\" aria-invalid=\"false\" value=\"\" type=\"text\" name=\"your-subject\" \/><\/span> <\/label>\n<\/p>\n<p><label> Il tuo messaggio (facoltativo)<br \/>\n<span class=\"wpcf7-form-control-wrap\" data-name=\"your-message\"><textarea cols=\"40\" rows=\"10\" maxlength=\"2000\" class=\"wpcf7-form-control wpcf7-textarea\" aria-invalid=\"false\" name=\"your-message\"><\/textarea><\/span> <\/label>\n<\/p>\n<p><span class=\"wpcf7-form-control-wrap\" data-name=\"your-file\"><input size=\"40\" class=\"wpcf7-form-control wpcf7-file\" accept=\".pdf,.txt\" aria-invalid=\"false\" type=\"file\" name=\"your-file\" \/><\/span>\n<\/p>\n<p><input class=\"wpcf7-form-control wpcf7-submit has-spinner\" type=\"submit\" value=\"Invia\" \/>\n<\/p><div class=\"wpcf7-response-output\" aria-hidden=\"true\"><\/div>\n<\/form>\n<\/div>\n<\/div>\n            <\/div>\t\t\t\t<\/div>\n\t\t\t\t<\/div>\n\t\t\t\t<div class=\"elementor-element elementor-element-5392268 elementor-widget elementor-widget-text-editor\" data-id=\"5392268\" data-element_type=\"widget\" data-e-type=\"widget\" data-widget_type=\"text-editor.default\">\n\t\t\t\t<div class=\"elementor-widget-container\">\n\t\t\t\t\t\t\t\t\t<div class=\"tds-title tds-title1 td-fix-index td_uid_5_6262b2f81fbf4\"><p class=\"tdm-title tdm-title-bg\">Con l\u2019invio del CV dichiaro di aver preso visione dell\u2019informativa GDPR 679\/2016 ed acconsento al trattamento dei dati<\/p><\/div>\t\t\t\t\t\t\t\t<\/div>\n\t\t\t\t<\/div>\n\t\t\t\t\t<\/div>\n\t\t<\/div>\n\t\t\t\t\t<\/div>\n\t\t<\/section>\n\t\t\t\t<\/div>\n\t\t","protected":false},"excerpt":{"rendered":"<p>Ricerchiamo una figura di Logopedista da inserire nel nostro organico Inviare curriculum e presentazione tramite l&#8217;apposito modulo Litografi Vesuviani ricerca figure professionali di Tecnico della Riabilitazione Psichiatrica TDR e Animatori Sociali Requisiti richiesti: &#8211; \u00c8 necessario essere in possesso di titolo di studio (Laurea triennale L\/SNT2 o magistrale). Si valutano anche candidature di neolaureati che non hanno maturato esperienza pregressa nella mansione. Sono aperte le selezioni per n 1 posizione : Assistente Ufficio di Presidenza.\u00a0 Sono richieste candidature di profili professionali nel campo socio-sanitario: laurea in Sociologia, Scienze del Servizio Sociale, Tecnico della Riabilitazione Sociale, Scienze dell&#8217;Educazione, Scienze della Comunicazione e Formazione. Caratteristiche fondamentali: necessario essere in possesso di patente B e piena disponibilit\u00e0 di auto, ottima padronanza lingua italiana scritta e parlata, flessibilit\u00e0, ottima capacit\u00e0 relazionale.Le selezioni ci saranno nelle prime settimane di luglio e dal 1 settembre al 15 settembre 2023\u00a0inviare candidatura a: coordinamento@litografivesuviani.com LAVORA CON NOI Entra a far parte del nostro team! Inviaci il tuo curriculum vitae in formato pdf Il tuo nome La tua email Oggetto Il tuo messaggio (facoltativo) Con l\u2019invio del CV dichiaro di aver preso visione dell\u2019informativa GDPR 679\/2016 ed acconsento al trattamento dei dati<\/p>\n","protected":false},"author":1,"featured_media":769,"parent":0,"menu_order":0,"comment_status":"closed","ping_status":"closed","template":"elementor_header_footer","meta":{"give_campaign_id":0,"pgc_sgb_lightbox_settings":"","footnotes":""},"class_list":["post-519","page","type-page","status-publish","has-post-thumbnail","hentry"],"yoast_head":"<!-- This site is optimized with the Yoast SEO plugin v27.5 - https:\/\/yoast.com\/product\/yoast-seo-wordpress\/ -->\r\n<title>LAVORA CON NOI - Litografi Vesuviani<\/title>\r\n<meta name=\"robots\" content=\"index, follow, max-snippet:-1, max-image-preview:large, max-video-preview:-1\" \/>\r\n<link rel=\"canonical\" href=\"https:\/\/www.litografivesuviani.com\/main\/lavora-con-noi\/\" \/>\r\n<meta property=\"og:locale\" content=\"it_IT\" \/>\r\n<meta property=\"og:type\" content=\"article\" \/>\r\n<meta property=\"og:title\" content=\"LAVORA CON NOI - Litografi Vesuviani\" \/>\r\n<meta property=\"og:description\" content=\"Ricerchiamo una figura di Logopedista da inserire nel nostro organico Inviare curriculum e presentazione tramite l&#8217;apposito modulo Litografi Vesuviani ricerca figure professionali di Tecnico della Riabilitazione Psichiatrica TDR e Animatori Sociali Requisiti richiesti: &#8211; \u00c8 necessario essere in possesso di titolo di studio (Laurea triennale L\/SNT2 o magistrale). Si valutano anche candidature di neolaureati che non hanno maturato esperienza pregressa nella mansione. Sono aperte le selezioni per n 1 posizione : Assistente Ufficio di Presidenza.\u00a0 Sono richieste candidature di profili professionali nel campo socio-sanitario: laurea in Sociologia, Scienze del Servizio Sociale, Tecnico della Riabilitazione Sociale, Scienze dell&#8217;Educazione, Scienze della Comunicazione e Formazione. Caratteristiche fondamentali: necessario essere in possesso di patente B e piena disponibilit\u00e0 di auto, ottima padronanza lingua italiana scritta e parlata, flessibilit\u00e0, ottima capacit\u00e0 relazionale.Le selezioni ci saranno nelle prime settimane di luglio e dal 1 settembre al 15 settembre 2023\u00a0inviare candidatura a: coordinamento@litografivesuviani.com LAVORA CON NOI Entra a far parte del nostro team! Inviaci il tuo curriculum vitae in formato pdf Il tuo nome La tua email Oggetto Il tuo messaggio (facoltativo) Con l\u2019invio del CV dichiaro di aver preso visione dell\u2019informativa GDPR 679\/2016 ed acconsento al trattamento dei dati\" \/>\r\n<meta property=\"og:url\" content=\"https:\/\/www.litografivesuviani.com\/main\/lavora-con-noi\/\" \/>\r\n<meta property=\"og:site_name\" content=\"Litografi Vesuviani\" \/>\r\n<meta property=\"article:publisher\" content=\"https:\/\/www.facebook.com\/Litografi.Vesuviani\" \/>\r\n<meta property=\"article:modified_time\" content=\"2026-04-14T15:21:12+00:00\" \/>\r\n<meta property=\"og:image\" content=\"https:\/\/www.litografivesuviani.com\/main\/wp-content\/uploads\/2022\/04\/people-2569234_1920.jpg\" \/>\r\n\t<meta property=\"og:image:width\" content=\"1920\" \/>\r\n\t<meta property=\"og:image:height\" content=\"1310\" \/>\r\n\t<meta property=\"og:image:type\" content=\"image\/jpeg\" \/>\r\n<meta name=\"twitter:card\" content=\"summary_large_image\" \/>\r\n<meta name=\"twitter:site\" content=\"@litovesuviani\" \/>\r\n<meta name=\"twitter:label1\" content=\"Tempo di lettura stimato\" \/>\n\t<meta name=\"twitter:data1\" content=\"2 minuti\" \/>\r\n<script type=\"application\/ld+json\" class=\"yoast-schema-graph\">{\"@context\":\"https:\\\/\\\/schema.org\",\"@graph\":[{\"@type\":\"WebPage\",\"@id\":\"https:\\\/\\\/www.litografivesuviani.com\\\/main\\\/lavora-con-noi\\\/\",\"url\":\"https:\\\/\\\/www.litografivesuviani.com\\\/main\\\/lavora-con-noi\\\/\",\"name\":\"LAVORA CON NOI - Litografi Vesuviani\",\"isPartOf\":{\"@id\":\"https:\\\/\\\/www.litografivesuviani.com\\\/main\\\/#website\"},\"primaryImageOfPage\":{\"@id\":\"https:\\\/\\\/www.litografivesuviani.com\\\/main\\\/lavora-con-noi\\\/#primaryimage\"},\"image\":{\"@id\":\"https:\\\/\\\/www.litografivesuviani.com\\\/main\\\/lavora-con-noi\\\/#primaryimage\"},\"thumbnailUrl\":\"https:\\\/\\\/www.litografivesuviani.com\\\/main\\\/wp-content\\\/uploads\\\/2022\\\/04\\\/people-2569234_1920.jpg\",\"datePublished\":\"2022-04-20T08:22:07+00:00\",\"dateModified\":\"2026-04-14T15:21:12+00:00\",\"breadcrumb\":{\"@id\":\"https:\\\/\\\/www.litografivesuviani.com\\\/main\\\/lavora-con-noi\\\/#breadcrumb\"},\"inLanguage\":\"it-IT\",\"potentialAction\":[{\"@type\":\"ReadAction\",\"target\":[\"https:\\\/\\\/www.litografivesuviani.com\\\/main\\\/lavora-con-noi\\\/\"]}]},{\"@type\":\"ImageObject\",\"inLanguage\":\"it-IT\",\"@id\":\"https:\\\/\\\/www.litografivesuviani.com\\\/main\\\/lavora-con-noi\\\/#primaryimage\",\"url\":\"https:\\\/\\\/www.litografivesuviani.com\\\/main\\\/wp-content\\\/uploads\\\/2022\\\/04\\\/people-2569234_1920.jpg\",\"contentUrl\":\"https:\\\/\\\/www.litografivesuviani.com\\\/main\\\/wp-content\\\/uploads\\\/2022\\\/04\\\/people-2569234_1920.jpg\",\"width\":1920,\"height\":1310,\"caption\":\"lavora con noi\"},{\"@type\":\"BreadcrumbList\",\"@id\":\"https:\\\/\\\/www.litografivesuviani.com\\\/main\\\/lavora-con-noi\\\/#breadcrumb\",\"itemListElement\":[{\"@type\":\"ListItem\",\"position\":1,\"name\":\"Home\",\"item\":\"https:\\\/\\\/www.litografivesuviani.com\\\/main\\\/\"},{\"@type\":\"ListItem\",\"position\":2,\"name\":\"LAVORA CON NOI\"}]},{\"@type\":\"WebSite\",\"@id\":\"https:\\\/\\\/www.litografivesuviani.com\\\/main\\\/#website\",\"url\":\"https:\\\/\\\/www.litografivesuviani.com\\\/main\\\/\",\"name\":\"Litografi Vesuviani\",\"description\":\"\",\"publisher\":{\"@id\":\"https:\\\/\\\/www.litografivesuviani.com\\\/main\\\/#organization\"},\"potentialAction\":[{\"@type\":\"SearchAction\",\"target\":{\"@type\":\"EntryPoint\",\"urlTemplate\":\"https:\\\/\\\/www.litografivesuviani.com\\\/main\\\/?s={search_term_string}\"},\"query-input\":{\"@type\":\"PropertyValueSpecification\",\"valueRequired\":true,\"valueName\":\"search_term_string\"}}],\"inLanguage\":\"it-IT\"},{\"@type\":\"Organization\",\"@id\":\"https:\\\/\\\/www.litografivesuviani.com\\\/main\\\/#organization\",\"name\":\"Litografi Vesuviani - Servizi Salute e Lavoro - Soc. Coop. Soc. a r.l.\",\"url\":\"https:\\\/\\\/www.litografivesuviani.com\\\/main\\\/\",\"logo\":{\"@type\":\"ImageObject\",\"inLanguage\":\"it-IT\",\"@id\":\"https:\\\/\\\/www.litografivesuviani.com\\\/main\\\/#\\\/schema\\\/logo\\\/image\\\/\",\"url\":\"https:\\\/\\\/www.litografivesuviani.com\\\/main\\\/wp-content\\\/uploads\\\/2022\\\/04\\\/cropped-logo_quadrato.png\",\"contentUrl\":\"https:\\\/\\\/www.litografivesuviani.com\\\/main\\\/wp-content\\\/uploads\\\/2022\\\/04\\\/cropped-logo_quadrato.png\",\"width\":512,\"height\":512,\"caption\":\"Litografi Vesuviani - Servizi Salute e Lavoro - Soc. Coop. Soc. a r.l.\"},\"image\":{\"@id\":\"https:\\\/\\\/www.litografivesuviani.com\\\/main\\\/#\\\/schema\\\/logo\\\/image\\\/\"},\"sameAs\":[\"https:\\\/\\\/www.facebook.com\\\/Litografi.Vesuviani\",\"https:\\\/\\\/x.com\\\/litovesuviani\",\"https:\\\/\\\/www.instagram.com\\\/litografivesuviani\",\"https:\\\/\\\/www.youtube.com\\\/channel\\\/UCjA6m1P7docgpva_Mn2OXBQ\",\"https:\\\/\\\/it.linkedin.com\\\/company\\\/litografi-vesuviani-cooperativa-sociale\"]}]}<\/script>\r\n<!-- \/ Yoast SEO plugin. -->","yoast_head_json":{"title":"LAVORA CON NOI - Litografi Vesuviani","robots":{"index":"index","follow":"follow","max-snippet":"max-snippet:-1","max-image-preview":"max-image-preview:large","max-video-preview":"max-video-preview:-1"},"canonical":"https:\/\/www.litografivesuviani.com\/main\/lavora-con-noi\/","og_locale":"it_IT","og_type":"article","og_title":"LAVORA CON NOI - Litografi Vesuviani","og_description":"Ricerchiamo una figura di Logopedista da inserire nel nostro organico Inviare curriculum e presentazione tramite l&#8217;apposito modulo Litografi Vesuviani ricerca figure professionali di Tecnico della Riabilitazione Psichiatrica TDR e Animatori Sociali Requisiti richiesti: &#8211; \u00c8 necessario essere in possesso di titolo di studio (Laurea triennale L\/SNT2 o magistrale). Si valutano anche candidature di neolaureati che non hanno maturato esperienza pregressa nella mansione. Sono aperte le selezioni per n 1 posizione : Assistente Ufficio di Presidenza.\u00a0 Sono richieste candidature di profili professionali nel campo socio-sanitario: laurea in Sociologia, Scienze del Servizio Sociale, Tecnico della Riabilitazione Sociale, Scienze dell&#8217;Educazione, Scienze della Comunicazione e Formazione. Caratteristiche fondamentali: necessario essere in possesso di patente B e piena disponibilit\u00e0 di auto, ottima padronanza lingua italiana scritta e parlata, flessibilit\u00e0, ottima capacit\u00e0 relazionale.Le selezioni ci saranno nelle prime settimane di luglio e dal 1 settembre al 15 settembre 2023\u00a0inviare candidatura a: coordinamento@litografivesuviani.com LAVORA CON NOI Entra a far parte del nostro team! Inviaci il tuo curriculum vitae in formato pdf Il tuo nome La tua email Oggetto Il tuo messaggio (facoltativo) Con l\u2019invio del CV dichiaro di aver preso visione dell\u2019informativa GDPR 679\/2016 ed acconsento al trattamento dei dati","og_url":"https:\/\/www.litografivesuviani.com\/main\/lavora-con-noi\/","og_site_name":"Litografi Vesuviani","article_publisher":"https:\/\/www.facebook.com\/Litografi.Vesuviani","article_modified_time":"2026-04-14T15:21:12+00:00","og_image":[{"width":1920,"height":1310,"url":"https:\/\/www.litografivesuviani.com\/main\/wp-content\/uploads\/2022\/04\/people-2569234_1920.jpg","type":"image\/jpeg"}],"twitter_card":"summary_large_image","twitter_site":"@litovesuviani","twitter_misc":{"Tempo di lettura stimato":"2 minuti"},"schema":{"@context":"https:\/\/schema.org","@graph":[{"@type":"WebPage","@id":"https:\/\/www.litografivesuviani.com\/main\/lavora-con-noi\/","url":"https:\/\/www.litografivesuviani.com\/main\/lavora-con-noi\/","name":"LAVORA CON NOI - Litografi Vesuviani","isPartOf":{"@id":"https:\/\/www.litografivesuviani.com\/main\/#website"},"primaryImageOfPage":{"@id":"https:\/\/www.litografivesuviani.com\/main\/lavora-con-noi\/#primaryimage"},"image":{"@id":"https:\/\/www.litografivesuviani.com\/main\/lavora-con-noi\/#primaryimage"},"thumbnailUrl":"https:\/\/www.litografivesuviani.com\/main\/wp-content\/uploads\/2022\/04\/people-2569234_1920.jpg","datePublished":"2022-04-20T08:22:07+00:00","dateModified":"2026-04-14T15:21:12+00:00","breadcrumb":{"@id":"https:\/\/www.litografivesuviani.com\/main\/lavora-con-noi\/#breadcrumb"},"inLanguage":"it-IT","potentialAction":[{"@type":"ReadAction","target":["https:\/\/www.litografivesuviani.com\/main\/lavora-con-noi\/"]}]},{"@type":"ImageObject","inLanguage":"it-IT","@id":"https:\/\/www.litografivesuviani.com\/main\/lavora-con-noi\/#primaryimage","url":"https:\/\/www.litografivesuviani.com\/main\/wp-content\/uploads\/2022\/04\/people-2569234_1920.jpg","contentUrl":"https:\/\/www.litografivesuviani.com\/main\/wp-content\/uploads\/2022\/04\/people-2569234_1920.jpg","width":1920,"height":1310,"caption":"lavora con noi"},{"@type":"BreadcrumbList","@id":"https:\/\/www.litografivesuviani.com\/main\/lavora-con-noi\/#breadcrumb","itemListElement":[{"@type":"ListItem","position":1,"name":"Home","item":"https:\/\/www.litografivesuviani.com\/main\/"},{"@type":"ListItem","position":2,"name":"LAVORA CON NOI"}]},{"@type":"WebSite","@id":"https:\/\/www.litografivesuviani.com\/main\/#website","url":"https:\/\/www.litografivesuviani.com\/main\/","name":"Litografi Vesuviani","description":"","publisher":{"@id":"https:\/\/www.litografivesuviani.com\/main\/#organization"},"potentialAction":[{"@type":"SearchAction","target":{"@type":"EntryPoint","urlTemplate":"https:\/\/www.litografivesuviani.com\/main\/?s={search_term_string}"},"query-input":{"@type":"PropertyValueSpecification","valueRequired":true,"valueName":"search_term_string"}}],"inLanguage":"it-IT"},{"@type":"Organization","@id":"https:\/\/www.litografivesuviani.com\/main\/#organization","name":"Litografi Vesuviani - Servizi Salute e Lavoro - Soc. Coop. Soc. a r.l.","url":"https:\/\/www.litografivesuviani.com\/main\/","logo":{"@type":"ImageObject","inLanguage":"it-IT","@id":"https:\/\/www.litografivesuviani.com\/main\/#\/schema\/logo\/image\/","url":"https:\/\/www.litografivesuviani.com\/main\/wp-content\/uploads\/2022\/04\/cropped-logo_quadrato.png","contentUrl":"https:\/\/www.litografivesuviani.com\/main\/wp-content\/uploads\/2022\/04\/cropped-logo_quadrato.png","width":512,"height":512,"caption":"Litografi Vesuviani - Servizi Salute e Lavoro - Soc. Coop. Soc. a r.l."},"image":{"@id":"https:\/\/www.litografivesuviani.com\/main\/#\/schema\/logo\/image\/"},"sameAs":["https:\/\/www.facebook.com\/Litografi.Vesuviani","https:\/\/x.com\/litovesuviani","https:\/\/www.instagram.com\/litografivesuviani","https:\/\/www.youtube.com\/channel\/UCjA6m1P7docgpva_Mn2OXBQ","https:\/\/it.linkedin.com\/company\/litografi-vesuviani-cooperativa-sociale"]}]}},"campaignId":"","_links":{"self":[{"href":"https:\/\/www.litografivesuviani.com\/main\/wp-json\/wp\/v2\/pages\/519","targetHints":{"allow":["GET"]}}],"collection":[{"href":"https:\/\/www.litografivesuviani.com\/main\/wp-json\/wp\/v2\/pages"}],"about":[{"href":"https:\/\/www.litografivesuviani.com\/main\/wp-json\/wp\/v2\/types\/page"}],"author":[{"embeddable":true,"href":"https:\/\/www.litografivesuviani.com\/main\/wp-json\/wp\/v2\/users\/1"}],"replies":[{"embeddable":true,"href":"https:\/\/www.litografivesuviani.com\/main\/wp-json\/wp\/v2\/comments?post=519"}],"version-history":[{"count":52,"href":"https:\/\/www.litografivesuviani.com\/main\/wp-json\/wp\/v2\/pages\/519\/revisions"}],"predecessor-version":[{"id":3107,"href":"https:\/\/www.litografivesuviani.com\/main\/wp-json\/wp\/v2\/pages\/519\/revisions\/3107"}],"wp:featuredmedia":[{"embeddable":true,"href":"https:\/\/www.litografivesuviani.com\/main\/wp-json\/wp\/v2\/media\/769"}],"wp:attachment":[{"href":"https:\/\/www.litografivesuviani.com\/main\/wp-json\/wp\/v2\/media?parent=519"}],"curies":[{"name":"wp","href":"https:\/\/api.w.org\/{rel}","templated":true}]}}